{"id":9832,"date":"2024-03-01T09:04:57","date_gmt":"2024-03-01T09:04:57","guid":{"rendered":"https:\/\/hostalsesnegres.com\/politique-de-confidentialite\/"},"modified":"2025-03-14T10:32:12","modified_gmt":"2025-03-14T10:32:12","slug":"politique-de-confidentialite","status":"publish","type":"page","link":"https:\/\/hostalsesnegres.com\/fr\/politique-de-confidentialite\/","title":{"rendered":"Politique de confidentialit\u00e9"},"content":{"rendered":"\n<div class=\"wp-block-group\"><div class=\"wp-block-group__inner-container is-layout-constrained wp-block-group-is-layout-constrained\">\n<h6 class=\"wp-block-heading has-text-color has-link-color wp-elements-591030edfa6f23654543f8f07d558756\" style=\"color:#7aacac\"><br><strong>Politique de Confidentialit\u00e9<\/strong><\/h6>\n\n\n\n<div class=\"wp-block-group\"><div class=\"wp-block-group__inner-container is-layout-constrained wp-block-group-is-layout-constrained\">\n<p><strong>QUI EST LE RESPONSABLE DU TRAITEMENT DE VOS DONN\u00c9ES ?<\/strong><\/p>\n\n\n\n<p>Le responsable des donn\u00e9es et propri\u00e9taire du site web <a href=\"https:\/\/hostalsesnegres.com\/fr\/\"><strong>https:\/\/hostalsesnegres.com\/fr\/<\/strong><\/a> est <strong>HOSTAL SES NEGRES S.L.<\/strong>, dont le si\u00e8ge social est situ\u00e9 \u00e0 <strong>Carrer del Mar 8, 17255 Sa Riera, Girona<\/strong>, et enregistr\u00e9 sous le num\u00e9ro CIF : <strong>B-55326821<\/strong>.<\/p>\n\n\n\n<ul class=\"wp-block-list\">\n<li>T\u00e9l\u00e9phone : (+34) <strong>872 202 121<\/strong><\/li>\n\n\n\n<li>E-mail: <a href=\"mailto:info@hostalsesnegres.com\"><strong>info@hostalsesnegres.com<\/strong><\/a><\/li>\n<\/ul>\n\n\n\n<p><strong>\u00c0 QUOI SERVENT VOS DONN\u00c9ES PERSONNELLES?<\/strong><\/p>\n\n\n\n<p>Chez <strong>HOSTAL SES NEGRES S.L.<\/strong>, nous traitons les informations que vous nous fournissez dans le but de :<\/p>\n\n\n\n<ul class=\"wp-block-list\">\n<li>G\u00e9rer l\u2019envoi des informations demand\u00e9es ou vous proposer des offres de services susceptibles de vous int\u00e9resser, si vous nous avez fourni vos donn\u00e9es via le formulaire pr\u00e9vu \u00e0 cet effet.<\/li>\n\n\n\n<li>Communiquer des offres, des r\u00e9ductions et des informations promotionnelles susceptibles d\u2019int\u00e9resser nos utilisateurs.<\/li>\n\n\n\n<li>G\u00e9rer et confirmer les r\u00e9servations.<\/li>\n\n\n\n<li>Am\u00e9liorer nos services gr\u00e2ce \u00e0 l\u2019analyse du comportement des utilisateurs.<\/li>\n\n\n\n<li>Pr\u00e9venir les abus et les fraudes (par exemple : activit\u00e9s frauduleuses, attaques par d\u00e9ni de service, envoi de spam).<\/li>\n\n\n\n<li>Transmettre les donn\u00e9es aux organismes et autorit\u00e9s publiques, si cela est requis conform\u00e9ment aux lois et r\u00e8glements en vigueur.<\/li>\n<\/ul>\n\n\n\n<p><strong>COMBIEN DE TEMPS CONSERVONS-NOUS VOS DONN\u00c9ES?<\/strong><\/p>\n\n\n\n<p>Les donn\u00e9es personnelles que vous nous fournissez seront conserv\u00e9es aussi longtemps que la relation professionnelle ou commerciale sera maintenue, ou jusqu\u2019\u00e0 ce que vous demandiez leur suppression. En tout \u00e9tat de cause, les donn\u00e9es seront conserv\u00e9es pendant une dur\u00e9e maximale de 5 ans apr\u00e8s le dernier contact.<\/p>\n\n\n\n<p><strong>QUELLE EST LA BASE L\u00c9GALE DU TRAITEMENT DE VOS DONN\u00c9ES?<\/strong><\/p>\n\n\n\n<p>La base l\u00e9gale pour le traitement de vos donn\u00e9es repose sur :<\/p>\n\n\n\n<p>La r\u00e9ponse \u00e0 votre demande d\u2019information.<\/p>\n\n\n\n<p>L\u2019ex\u00e9cution des services ou produits contract\u00e9s.<\/p>\n\n\n\n<p><strong>\u00c0 QUI VOS DONN\u00c9ES SONT-ELLES COMMUNIQU\u00c9ES?<\/strong><\/p>\n\n\n\n<p>Vos donn\u00e9es seront int\u00e9gr\u00e9es dans la base de donn\u00e9es de <strong>HOSTAL SES NEGRES S.L.<\/strong> et ne seront pas communiqu\u00e9es \u00e0 des tiers, sauf en cas d\u2019obligation l\u00e9gale ou \u00e0 la demande des autorit\u00e9s comp\u00e9tentes (par exemple, pour les images captur\u00e9es par des cam\u00e9ras de vid\u00e9osurveillance).<\/p>\n\n\n\n<p><strong>QUELS SONT VOS DROITS CONCERNANT VOS DONN\u00c9ES?<\/strong><\/p>\n\n\n\n<p>Vous avez le droit :<\/p>\n\n\n\n<p>De savoir si <strong>HOSTAL SES NEGRES S.L.<\/strong> traite vos donn\u00e9es personnelles.<\/p>\n\n\n\n<p>D\u2019acc\u00e9der \u00e0 vos donn\u00e9es personnelles.<\/p>\n\n\n\n<p>De demander la rectification de donn\u00e9es inexactes.<\/p>\n\n\n\n<p>De demander la suppression de vos donn\u00e9es lorsque celles-ci ne sont plus n\u00e9cessaires.<\/p>\n\n\n\n<p>De limiter le traitement de vos donn\u00e9es dans certaines circonstances.<\/p>\n\n\n\n<p>De vous opposer au traitement de vos donn\u00e9es pour des raisons l\u00e9gitimes li\u00e9es \u00e0 votre situation personnelle.<\/p>\n\n\n\n<p>En cas de demande de limitation ou d\u2019opposition, vos donn\u00e9es seront uniquement conserv\u00e9es pour l\u2019exercice ou la d\u00e9fense de r\u00e9clamations.<\/p>\n\n\n\n<p>Pour exercer vos droits, veuillez consulter la section <a href=\"https:\/\/www.aepd.es\/derechos-y-deberes\/ejerce-tus-derechos\"><strong>Exercez vos Droits<\/strong><\/a> sur ce site.<\/p>\n\n\n\n<p><strong>L\u00c9GISLATION APPLICABLE<\/strong><\/p>\n\n\n\n<p>Cette politique de confidentialit\u00e9 est r\u00e9gie par le R\u00e8glement G\u00e9n\u00e9ral sur la Protection des Donn\u00e9es (RGPD) de l\u2019Union europ\u00e9enne et par toute autre r\u00e9glementation en vigueur.<\/p>\n\n\n\n<p><strong>MISE \u00c0 JOUR<\/strong><\/p>\n\n\n\n<p>Cette politique de confidentialit\u00e9 a \u00e9t\u00e9 mise \u00e0 jour pour la derni\u00e8re fois en Mars 2025.<\/p>\n<\/div><\/div>\n<\/div><\/div>\n","protected":false},"excerpt":{"rendered":"<p>Politique de Confidentialit\u00e9 QUI EST LE RESPONSABLE DU TRAITEMENT DE VOS DONN\u00c9ES ? Le responsable des donn\u00e9es et propri\u00e9taire du site web https:\/\/hostalsesnegres.com\/fr\/ est HOSTAL SES NEGRES S.L., dont le si\u00e8ge social est situ\u00e9 \u00e0 Carrer del Mar 8, 17255 Sa Riera, Girona, et enregistr\u00e9 sous le num\u00e9ro CIF : B-55326821. \u00c0 QUOI SERVENT VOS [&hellip;]<\/p>\n","protected":false},"author":1,"featured_media":0,"parent":0,"menu_order":0,"comment_status":"closed","ping_status":"closed","template":"","meta":{"footnotes":""},"class_list":["post-9832","page","type-page","status-publish","hentry"],"aioseo_notices":[],"_links":{"self":[{"href":"https:\/\/hostalsesnegres.com\/fr\/wp-json\/wp\/v2\/pages\/9832","targetHints":{"allow":["GET"]}}],"collection":[{"href":"https:\/\/hostalsesnegres.com\/fr\/wp-json\/wp\/v2\/pages"}],"about":[{"href":"https:\/\/hostalsesnegres.com\/fr\/wp-json\/wp\/v2\/types\/page"}],"author":[{"embeddable":true,"href":"https:\/\/hostalsesnegres.com\/fr\/wp-json\/wp\/v2\/users\/1"}],"replies":[{"embeddable":true,"href":"https:\/\/hostalsesnegres.com\/fr\/wp-json\/wp\/v2\/comments?post=9832"}],"version-history":[{"count":3,"href":"https:\/\/hostalsesnegres.com\/fr\/wp-json\/wp\/v2\/pages\/9832\/revisions"}],"predecessor-version":[{"id":9901,"href":"https:\/\/hostalsesnegres.com\/fr\/wp-json\/wp\/v2\/pages\/9832\/revisions\/9901"}],"wp:attachment":[{"href":"https:\/\/hostalsesnegres.com\/fr\/wp-json\/wp\/v2\/media?parent=9832"}],"curies":[{"name":"wp","href":"https:\/\/api.w.org\/{rel}","templated":true}]}}