{"id":9828,"date":"2024-03-01T09:04:57","date_gmt":"2024-03-01T09:04:57","guid":{"rendered":"https:\/\/hostalsesnegres.com\/depot-et-annulation\/"},"modified":"2025-04-02T10:18:57","modified_gmt":"2025-04-02T10:18:57","slug":"depot-et-annulation","status":"publish","type":"page","link":"https:\/\/hostalsesnegres.com\/fr\/depot-et-annulation\/","title":{"rendered":"D\u00e9p\u00f4t et annulation"},"content":{"rendered":"\n<div class=\"wp-block-group\"><div class=\"wp-block-group__inner-container is-layout-constrained wp-block-group-is-layout-constrained\">\n<h6 class=\"wp-block-heading has-text-color has-link-color wp-elements-222c7de1014eceb10fc7c44e49a5716f\" style=\"color:#7aacac\"><strong><strong>Politique G\u00e9n\u00e9rale d\u2019Annulation et de D\u00e9p\u00f4ts<\/strong><\/strong><\/h6>\n\n\n\n<p>Tarifs Flexibles:<\/p>\n\n\n\n<p>Les r\u00e9servations effectu\u00e9es \u00e0 l\u2019avance peuvent \u00eatre annul\u00e9es (ou modifi\u00e9es) sans p\u00e9nalit\u00e9 jusqu\u2019\u00e0 15 jours avant la date d\u2019arriv\u00e9e.<\/p>\n\n\n\n<p>En cas d\u2019annulation ou de modification entre 14 et 8 jours avant la date d\u2019arriv\u00e9e, 30 % du montant total de la r\u00e9servation seront factur\u00e9s \u00e0 titre de p\u00e9nalit\u00e9.<\/p>\n\n\n\n<p>En cas d\u2019annulation ou de modification entre 7 jours et 48 heures avant la date d\u2019arriv\u00e9e, 75 % du montant total du s\u00e9jour seront factur\u00e9s.<\/p>\n\n\n\n<p>En cas d\u2019annulation dans les 48 heures avant l\u2019arriv\u00e9e ou de non-pr\u00e9sentation le jour de l\u2019arriv\u00e9e, 100 % du montant total de la r\u00e9servation seront factur\u00e9s \u00e0 titre de p\u00e9nalit\u00e9.<\/p>\n<\/div><\/div>\n","protected":false},"excerpt":{"rendered":"<p>Politique G\u00e9n\u00e9rale d\u2019Annulation et de D\u00e9p\u00f4ts Tarifs Flexibles: Les r\u00e9servations effectu\u00e9es \u00e0 l\u2019avance peuvent \u00eatre annul\u00e9es (ou modifi\u00e9es) sans p\u00e9nalit\u00e9 jusqu\u2019\u00e0 15 jours avant la date d\u2019arriv\u00e9e. En cas d\u2019annulation ou de modification entre 14 et 8 jours avant la date d\u2019arriv\u00e9e, 30 % du montant total de la r\u00e9servation seront factur\u00e9s \u00e0 titre de [&hellip;]<\/p>\n","protected":false},"author":1,"featured_media":0,"parent":0,"menu_order":0,"comment_status":"closed","ping_status":"closed","template":"","meta":{"footnotes":""},"class_list":["post-9828","page","type-page","status-publish","hentry"],"aioseo_notices":[],"_links":{"self":[{"href":"https:\/\/hostalsesnegres.com\/fr\/wp-json\/wp\/v2\/pages\/9828","targetHints":{"allow":["GET"]}}],"collection":[{"href":"https:\/\/hostalsesnegres.com\/fr\/wp-json\/wp\/v2\/pages"}],"about":[{"href":"https:\/\/hostalsesnegres.com\/fr\/wp-json\/wp\/v2\/types\/page"}],"author":[{"embeddable":true,"href":"https:\/\/hostalsesnegres.com\/fr\/wp-json\/wp\/v2\/users\/1"}],"replies":[{"embeddable":true,"href":"https:\/\/hostalsesnegres.com\/fr\/wp-json\/wp\/v2\/comments?post=9828"}],"version-history":[{"count":5,"href":"https:\/\/hostalsesnegres.com\/fr\/wp-json\/wp\/v2\/pages\/9828\/revisions"}],"predecessor-version":[{"id":10001,"href":"https:\/\/hostalsesnegres.com\/fr\/wp-json\/wp\/v2\/pages\/9828\/revisions\/10001"}],"wp:attachment":[{"href":"https:\/\/hostalsesnegres.com\/fr\/wp-json\/wp\/v2\/media?parent=9828"}],"curies":[{"name":"wp","href":"https:\/\/api.w.org\/{rel}","templated":true}]}}