{"id":9824,"date":"2024-03-01T09:04:57","date_gmt":"2024-03-01T09:04:57","guid":{"rendered":"https:\/\/hostalsesnegres.com\/politique-de-cookies\/"},"modified":"2025-03-14T10:42:18","modified_gmt":"2025-03-14T10:42:18","slug":"politique-de-cookies","status":"publish","type":"page","link":"https:\/\/hostalsesnegres.com\/fr\/politique-de-cookies\/","title":{"rendered":"Politique de cookies"},"content":{"rendered":"\n<div class=\"wp-block-group\"><div class=\"wp-block-group__inner-container is-layout-constrained wp-block-group-is-layout-constrained\">\n<h6 class=\"wp-block-heading\"><strong><strong>Politique de cookies<\/strong><\/strong><\/h6>\n\n\n\n<div class=\"wp-block-group\"><div class=\"wp-block-group__inner-container is-layout-constrained wp-block-group-is-layout-constrained\">\n<p><em>Cette politique de cookies a \u00e9t\u00e9 mise \u00e0 jour pour la derni\u00e8re fois le janvier 28, 2025 et s\u2019applique aux citoyens et aux r\u00e9sidents permanents l\u00e9gaux de l\u2019Espace \u00c9conomique Europ\u00e9en et de la Suisse.<\/em><\/p>\n\n\n\n<p><strong>1. Introduction<\/strong><\/p>\n\n\n\n<p>Notre site web, <a href=\"https:\/\/hostalsesnegres.com\/fr\/\"><strong>https:\/\/hostalsesnegres.com\/fr\/<\/strong><\/a> (ci-apr\u00e8s : \u00ab le site web \u00bb) utilise des cookies et autres technologies li\u00e9es (par simplification, toutes ces technologies sont d\u00e9sign\u00e9es par le terme \u00ab cookies \u00bb). Des cookies sont \u00e9galement plac\u00e9s par des tierces parties que nous avons engag\u00e9es. Dans le document ci-dessous, nous vous informons de l\u2019utilisation des cookies sur notre site web.<\/p>\n\n\n\n<p><strong>2. Que sont les cookies?<\/strong><\/p>\n\n\n\n<p>Un cookie est un petit fichier simple envoy\u00e9 avec les pages de ce site web et stock\u00e9 par votre navigateur sur le disque dur de votre ordinateur ou d\u2019un autre appareil. Les informations qui y sont stock\u00e9es peuvent \u00eatre renvoy\u00e9es \u00e0 nos serveurs ou aux serveurs des tierces parties concern\u00e9es lors d\u2019une visite ult\u00e9rieure.<\/p>\n\n\n\n<p><strong>3. Que sont les scripts?<\/strong><\/p>\n\n\n\n<p>Un script est un \u00e9l\u00e9ment de code utilis\u00e9 pour que notre site web fonctionne correctement et de mani\u00e8re interactive. Ce code est ex\u00e9cut\u00e9 sur notre serveur ou sur votre appareil.<\/p>\n\n\n\n<p><strong>4. Qu\u2019est-ce qu\u2019une balise invisible?<\/strong><\/p>\n\n\n\n<p>Une balise invisible (ou balise web) est un petit morceau de texte ou d\u2019image invisible sur un site web, utilis\u00e9 pour suivre le trafic sur un site web. Pour ce faire, diverses donn\u00e9es vous concernant sont stock\u00e9es \u00e0 l\u2019aide de balises invisibles.<\/p>\n\n\n\n<p><strong>5. Cookies<\/strong><\/p>\n\n\n\n<p><strong>5.1 Cookies techniques ou fonctionnels<\/strong><\/p>\n\n\n\n<p>Certains cookies assurent le fonctionnement correct de certaines parties du site web et la prise en compte de vos pr\u00e9f\u00e9rences en tant qu\u2019internaute. En pla\u00e7ant des cookies fonctionnels, nous vous facilitons la visite de notre site web. Ainsi, vous n\u2019avez pas besoin de saisir \u00e0 plusieurs reprises les m\u00eames informations lors de la visite de notre site web et, par exemple, les \u00e9l\u00e9ments restent dans votre panier jusqu\u2019\u00e0 votre paiement. Nous pouvons d\u00e9poser ces cookies sans votre consentement.<\/p>\n\n\n\n<p><strong>5.2 Cookies statistiques<\/strong><\/p>\n\n\n\n<p>Nous utilisons des cookies statistiques afin d\u2019optimiser l\u2019exp\u00e9rience des internautes sur notre site web. Avec ces cookies statistiques, nous obtenons des informations sur l\u2019utilisation de notre site web. Nous demandons votre permission pour placer des cookies statistiques.<\/p>\n\n\n\n<p><strong>5.3 Cookies de marketing\/suivi<\/strong><\/p>\n\n\n\n<p>Les cookies de marketing\/suivi sont des cookies ou toute autre forme de stockage local, utilis\u00e9s pour cr\u00e9er des profils d\u2019utilisateurs afin d\u2019afficher de la publicit\u00e9 ou de suivre l\u2019utilisateur sur ce site web ou sur plusieurs sites web dans des finalit\u00e9s marketing similaires.<\/p>\n\n\n\n<p><strong>5.4 R\u00e9seaux sociaux<\/strong><\/p>\n\n\n\n<p>Sur notre site web, nous avons inclus du contenu provenant de Instagram, LinkedIn et WhatsApp pour promouvoir des pages web (par exemple, \u00ab like \u00bb, \u00ab pin \u00bb) ou les partager (par exemple, \u00ab tweet \u00bb) sur des r\u00e9seaux sociaux comme Instagram, LinkedIn et WhatsApp. Ce contenu est int\u00e9gr\u00e9 gr\u00e2ce un code obtenu de Instagram, LinkedIn et WhatsApp et place des cookies. Ce contenu peut stocker et traiter certaines informations \u00e0 des fins de publicit\u00e9 personnalis\u00e9e.<\/p>\n\n\n\n<p>Veuillez lire la d\u00e9claration de confidentialit\u00e9 de ces r\u00e9seaux sociaux (qui peut \u00eatre modifi\u00e9e r\u00e9guli\u00e8rement) afin de savoir ce qu\u2019ils font de vos donn\u00e9es (personnelles) trait\u00e9es en utilisant ces cookies. Les donn\u00e9es r\u00e9cup\u00e9r\u00e9es sont anonymis\u00e9es autant que possible. Instagram, LinkedIn et WhatsApp se trouvent aux \u00c9tats-Unis.<\/p>\n\n\n\n<p><strong>6. Cookies plac\u00e9s<\/strong><\/p>\n\n\n\n<details class=\"wp-block-details is-layout-flow wp-block-details-is-layout-flow\"><summary><strong>WordPress<\/strong><\/summary>\n<p>Fonctionnel<br>Consent to service wordpress<br>Utilisation<br>Partage de donn\u00e9es<br>Ces donn\u00e9es ne sont pas partag\u00e9es avec des tierces parties.<br>Fonctionnel<br>Nom<br>wpEmojiSettingsSupports<br>Expiration<br>expires immediately<br>Fonction<br>Stocker les informations du navigateur<br>Nom<br>wordpress_test_cookie<br>Expiration<br>expires immediately<br>Fonction<br>V\u00e9rifier si des cookies peuvent \u00eatre d\u00e9pos\u00e9s<br>Nom<br>wp-settings-time-*<br>Expiration<br>1 an<br>Fonction<br>Stocker les pr\u00e9f\u00e9rences des utilisateurs<br>Nom<br>wp-settings-*<br>Expiration<br>persistante<br>Fonction<br>Stocker les pr\u00e9f\u00e9rences des utilisateurs<br>Nom<br>wordpress_logged_in_*<br>Expiration<br>persistante<br>Fonction<br>Garder les utilisateurs connect\u00e9s<\/p>\n<\/details>\n\n\n\n<details class=\"wp-block-details is-layout-flow wp-block-details-is-layout-flow\"><summary><strong>Polylang<\/strong><\/summary>\n<p>Fonctionnel<br>Consent to service polylang<br>Utilisation<br>Partage de donn\u00e9es<br>Ces donn\u00e9es ne sont pas partag\u00e9es avec des tierces parties.<br>Fonctionnel<br>Nom<br>pll_language<br>Expiration<br>persistante<br>Fonction<br>Stocker les r\u00e9glages de langue<\/p>\n<\/details>\n\n\n\n<details class=\"wp-block-details is-layout-flow wp-block-details-is-layout-flow\"><summary><strong>Complianz<\/strong><\/summary>\n<p>Finalit\u00e9 en attente d\u2019enqu\u00eate<br>Consent to service complianz<br>Utilisation<br>Partage de donn\u00e9es<br>Ces donn\u00e9es ne sont pas partag\u00e9es avec des tierces parties. Pour plus d\u2019informations, veuillez lire la d\u00e9claration de confidentialit\u00e9 Complianz.<br>Finalit\u00e9 en attente d\u2019enqu\u00eate<br>Nom<br>cmplz_functional<br>Expiration<br>365 jours<br>Fonction<br>Nom<br>cmplz_statistics<br>Expiration<br>365 jours<br>Fonction<br>Nom<br>cmplz_preferences<br>Expiration<br>365 jours<br>Fonction<br>Nom<br>cmplz_marketing<br>Expiration<br>365 jours<br>Fonction<\/p>\n\n\n\n<details class=\"wp-block-details is-layout-flow wp-block-details-is-layout-flow\"><summary><strong>Divers<\/strong><\/summary>\n<p><\/p>\n<\/details>\n<\/details>\n\n\n\n<details class=\"wp-block-details is-layout-flow wp-block-details-is-layout-flow\"><summary><strong>Divers<\/strong><\/summary>\n<p>Finalit\u00e9 en attente d\u2019enqu\u00eate<br>Consent to service divers<br>Utilisation<br>Partage de donn\u00e9es<br>Le partage des donn\u00e9es est en cours d\u2019enqu\u00eate<br>Finalit\u00e9 en attente d\u2019enqu\u00eate<br>Nom<br>wpr-hash<br>Expiration<br>Fonction<br>Nom<br>persist:hs-beacon-44cc73fb-7636-4206-b115-c7b33823551b<br>Expiration<br>Fonction<br>Nom<br>wistia<br>Expiration<br>Fonction<br>Nom<br>wistia-video-progress-7seqacq2ol<br>Expiration<br>Fonction<br>Nom<br>wistia-video-progress-fj42vucf99<br>Expiration<br>Fonction<br>Nom<br>wpr-show-sidebar<br>Expiration<br>Fonction<br>Nom<br>wistia-video-progress-j042jylrre<br>Expiration<br>Fonction<br>Nom<br>wistia-video-progress-z1qxl7s2zn<br>Expiration<br>Fonction<br>Nom<br>_grecaptcha<br>Expiration<br>Fonction<br>Nom<br>persist:hs-beacon-message-44cc73fb-7636-4206-b115-c7b33823551b<br>Expiration<br>Fonction<br>Nom<br>cmplz_consented_services<br>Expiration<br>365 jours<br>Fonction<br>Nom<br>cmplz_policy_id<br>Expiration<br>365 jours<br>Fonction<br>Nom<br>cmplz_banner-status<br>Expiration<br>365 jours<br>Fonction<br>Nom<br>_ga<br>Expiration<br>Fonction<br>Nom<br>_ga_5HTRVTLBKS<br>Expiration<br>Fonction<br>Nom<br>_ga_MNWKZXXGNB<br>Expiration<br>Fonction<br>Nom<br>googlesitekit_auth_redirect_to<br>Expiration<br>Fonction<\/p>\n<\/details>\n<\/div><\/div>\n<\/div><\/div>\n\n\n\n<p><strong>7. Consentement<\/strong><\/p>\n\n\n\n<p>Lorsque vous visitez notre site web pour la premi\u00e8re fois, nous vous montrerons une fen\u00eatre contextuelle avec une explication sur les cookies. D\u00e8s que vous cliquez sur \u00ab Enregistrer les pr\u00e9f\u00e9rences \u00bb vous nous autorisez \u00e0 utiliser les cat\u00e9gories de cookies et d\u2019extensions que vous avez s\u00e9lectionn\u00e9s dans la fen\u00eatre contextuelle, comme d\u00e9crit dans la pr\u00e9sente politique de cookies. Vous pouvez d\u00e9sactiver l\u2019utilisation des cookies via votre navigateur, mais veuillez noter que notre site web pourrait ne plus fonctionner correctement.<\/p>\n\n\n\n<p><strong>7.1 G\u00e9rez vos r\u00e9glages de consentement<\/strong><\/p>\n\n\n\n<p>Fonctionnel (Toujours activ\u00e9): Le stockage ou l\u2019acc\u00e8s technique est strictement n\u00e9cessaire \u00e0 des fins l\u00e9gitimes pour permettre l\u2019utilisation d\u2019un service sp\u00e9cifique explicitement demand\u00e9 par l\u2019abonn\u00e9 ou l\u2019utilisateur, ou dans le seul but de r\u00e9aliser la transmission d\u2019une communication sur un r\u00e9seau de communications \u00e9lectroniques.<\/p>\n\n\n\n<p>Statistiques: Le stockage ou l\u2019acc\u00e8s technique utilis\u00e9 exclusivement \u00e0 des fins statistiques anonymes. Sans exigence, conformit\u00e9 volontaire de votre fournisseur de services Internet ou enregistrements suppl\u00e9mentaires d\u2019un tiers, les informations stock\u00e9es ou r\u00e9cup\u00e9r\u00e9es uniquement \u00e0 cette fin ne peuvent pas \u00eatre utilis\u00e9es pour vous identifier.<\/p>\n\n\n\n<p>Marketing: Le stockage ou l\u2019acc\u00e8s technique est n\u00e9cessaire pour cr\u00e9er des profils d\u2019utilisateur afin d\u2019envoyer de la publicit\u00e9 ou pour suivre l\u2019utilisateur sur un site web ou sur plusieurs sites \u00e0 des fins de marketing similaires.<\/p>\n\n\n\n<p><strong>8. Activer\/d\u00e9sactiver et supprimer les cookies<\/strong><\/p>\n\n\n\n<p>Vous pouvez utiliser votre navigateur internet pour supprimer automatiquement ou manuellement les cookies. Vous pouvez \u00e9galement sp\u00e9cifier que certains cookies ne peuvent pas \u00eatre plac\u00e9s. Une autre option consiste \u00e0 modifier les r\u00e9glages de votre navigateur Internet afin que vous receviez un message \u00e0 chaque fois qu\u2019un cookie est plac\u00e9.<\/p>\n\n\n\n<p>Pour plus d\u2019informations sur ces options, reportez-vous aux instructions de la section Aide de votre navigateur.<\/p>\n\n\n\n<p>Veuillez noter que notre site web peut ne pas marcher correctement si tous les cookies sont d\u00e9sactiv\u00e9s. Si vous supprimez les cookies dans votre navigateur, ils seront de nouveau plac\u00e9s apr\u00e8s votre consentement lorsque vous revisiterez notre site web.<\/p>\n\n\n\n<p><strong>9. Vos droits concernant les donn\u00e9es personnelles<\/strong><\/p>\n\n\n\n<p>Vous avez les droits suivants concernant vos donn\u00e9es personnelles:<\/p>\n\n\n\n<ul class=\"wp-block-list\">\n<li>Vous avez le droit de savoir pourquoi vos donn\u00e9es personnelles sont n\u00e9cessaires, ce qui leur arrivera et combien de temps elles seront conserv\u00e9es.<\/li>\n\n\n\n<li>Droit d\u2019acc\u00e8s : vous avez le droit d\u2019acc\u00e9der \u00e0 vos donn\u00e9es personnelles que nous connaissons.<\/li>\n\n\n\n<li>Droit de rectification : vous avez le droit \u00e0 tout moment de compl\u00e9ter, corriger, faire supprimer ou bloquer vos donn\u00e9es personnelles.<\/li>\n\n\n\n<li>Si vous nous donnez votre consentement pour le traitement de vos donn\u00e9es, vous avez le droit de r\u00e9voquer ce consentement et de faire supprimer vos donn\u00e9es personnelles.<\/li>\n\n\n\n<li>Droit de transf\u00e9rer vos donn\u00e9es : vous avez le droit de demander toutes vos donn\u00e9es personnelles au responsable du traitement et de les transf\u00e9rer dans leur int\u00e9gralit\u00e9 \u00e0 un autre responsable du traitement.<\/li>\n\n\n\n<li>Droit d\u2019opposition : vous pouvez vous opposer au traitement de vos donn\u00e9es. Nous obtemp\u00e9rerons, \u00e0 moins que certaines raisons ne justifient ce traitement.<\/li>\n<\/ul>\n\n\n\n<p>Pour exercer ces droits, veuillez nous contacter. Veuillez vous r\u00e9f\u00e9rer aux coordonn\u00e9es au bas de cette politique de cookies. Si vous avez une plainte concernant la fa\u00e7on dont nous traitons vos donn\u00e9es, nous aimerions en \u00eatre inform\u00e9s, mais vous avez \u00e9galement le droit de d\u00e9poser une plainte aupr\u00e8s de l\u2019autorit\u00e9 de contr\u00f4le (l\u2019autorit\u00e9 charg\u00e9e de la protection des donn\u00e9es).<\/p>\n\n\n\n<p><strong>10. Coordonn\u00e9es<\/strong><\/p>\n\n\n\n<p>Pour des questions et\/ou des commentaires sur notre politique de cookies et cette d\u00e9claration, veuillez nous contacter en utilisant les coordonn\u00e9es suivantes :<\/p>\n\n\n\n<ul class=\"wp-block-list\">\n<li><strong>HOSTAL SES NEGRES S.L.<\/strong><\/li>\n\n\n\n<li><strong>Carrer del Mar 8, 17255 Sa Riera, Girona, Espagne<\/strong><\/li>\n\n\n\n<li>Site web : <a href=\"https:\/\/hostalsesnegres.com\/fr\/\"><strong>https:\/\/hostalsesnegres.com\/fr\/<\/strong><\/a><strong>\u00a0<\/strong><\/li>\n\n\n\n<li>E-mail : <strong>info@hostalsesnegres.com<\/strong><\/li>\n\n\n\n<li>Num\u00e9ro de t\u00e9l\u00e9phone : (+34) <strong>872 202 121<\/strong><\/li>\n<\/ul>\n\n\n\n<p>Cette politique de cookies a \u00e9t\u00e9 synchronis\u00e9e avec <a href=\"https:\/\/cookiedatabase.org\/\"><strong>cookiedatabase.org<\/strong><\/a> le mars 2025.<\/p>\n\n\n\n<p><\/p>\n","protected":false},"excerpt":{"rendered":"<p>Politique de cookies Cette politique de cookies a \u00e9t\u00e9 mise \u00e0 jour pour la derni\u00e8re fois le janvier 28, 2025 et s\u2019applique aux citoyens et aux r\u00e9sidents permanents l\u00e9gaux de l\u2019Espace \u00c9conomique Europ\u00e9en et de la Suisse. 1. Introduction Notre site web, https:\/\/hostalsesnegres.com\/fr\/ (ci-apr\u00e8s : \u00ab le site web \u00bb) utilise des cookies et autres [&hellip;]<\/p>\n","protected":false},"author":1,"featured_media":0,"parent":0,"menu_order":0,"comment_status":"closed","ping_status":"closed","template":"","meta":{"footnotes":""},"class_list":["post-9824","page","type-page","status-publish","hentry"],"aioseo_notices":[],"_links":{"self":[{"href":"https:\/\/hostalsesnegres.com\/fr\/wp-json\/wp\/v2\/pages\/9824","targetHints":{"allow":["GET"]}}],"collection":[{"href":"https:\/\/hostalsesnegres.com\/fr\/wp-json\/wp\/v2\/pages"}],"about":[{"href":"https:\/\/hostalsesnegres.com\/fr\/wp-json\/wp\/v2\/types\/page"}],"author":[{"embeddable":true,"href":"https:\/\/hostalsesnegres.com\/fr\/wp-json\/wp\/v2\/users\/1"}],"replies":[{"embeddable":true,"href":"https:\/\/hostalsesnegres.com\/fr\/wp-json\/wp\/v2\/comments?post=9824"}],"version-history":[{"count":4,"href":"https:\/\/hostalsesnegres.com\/fr\/wp-json\/wp\/v2\/pages\/9824\/revisions"}],"predecessor-version":[{"id":9907,"href":"https:\/\/hostalsesnegres.com\/fr\/wp-json\/wp\/v2\/pages\/9824\/revisions\/9907"}],"wp:attachment":[{"href":"https:\/\/hostalsesnegres.com\/fr\/wp-json\/wp\/v2\/media?parent=9824"}],"curies":[{"name":"wp","href":"https:\/\/api.w.org\/{rel}","templated":true}]}}