{"id":9818,"date":"2024-03-01T09:04:56","date_gmt":"2024-03-01T09:04:56","guid":{"rendered":"https:\/\/hostalsesnegres.com\/conditions-generales\/"},"modified":"2025-04-02T10:30:28","modified_gmt":"2025-04-02T10:30:28","slug":"conditions-generales","status":"publish","type":"page","link":"https:\/\/hostalsesnegres.com\/fr\/conditions-generales\/","title":{"rendered":"Conditions g\u00e9n\u00e9rales"},"content":{"rendered":"\n<div class=\"wp-block-group\"><div class=\"wp-block-group__inner-container is-layout-constrained wp-block-group-is-layout-constrained\">\n<h6 class=\"wp-block-heading has-text-color has-link-color wp-elements-b9a7b020ed7e56cad2a65f61c4a8f338\" style=\"color:#7aacac\"><strong><strong>Conditions G\u00e9n\u00e9rales d\u2019Utilisation du Site Web<\/strong><\/strong><\/h6>\n\n\n\n<div class=\"wp-block-group\"><div class=\"wp-block-group__inner-container is-layout-constrained wp-block-group-is-layout-constrained\">\n<ol class=\"wp-block-list\">\n<li><strong><strong>CHAMP D\u2019APPLICATION<\/strong><\/strong><\/li>\n<\/ol>\n\n\n\n<p>Les pr\u00e9sentes Conditions G\u00e9n\u00e9rales d\u2019Utilisation du Site Web d\u00e9finissent les conditions g\u00e9n\u00e9rales r\u00e9gissant l\u2019acc\u00e8s, la navigation et l\u2019utilisation des contenus de ce site web.<\/p>\n\n\n\n<p>Les informations contenues sur ce site web se rapportent aux services fournis par <strong>HOSTAL SES NEGRES S.L.<\/strong> Ces informations sont fournies \u00e0 titre purement informatif et ne constituent en aucun cas une offre engageant l\u2019utilisateur \u00e0 souscrire \u00e0 ces services.<\/p>\n\n\n\n<p><strong>HOSTAL SES NEGRES S.L.<\/strong> se r\u00e9serve le droit de modifier les informations contenues ici lorsqu\u2019elle le juge appropri\u00e9, sans pr\u00e9avis, et d\u00e9cline toute responsabilit\u00e9 quant \u00e0 l\u2019exactitude, l\u2019insuffisance ou l\u2019authenticit\u00e9 des informations fournies.<\/p>\n\n\n\n<p>Elle se r\u00e9serve \u00e9galement le droit de modifier le contenu du pr\u00e9sent document. Par cons\u00e9quent, l\u2019utilisateur doit lire attentivement ce document chaque fois qu\u2019il envisage d\u2019utiliser le site, car ces conditions peuvent \u00eatre modifi\u00e9es. Le service de ce site web est limit\u00e9 \u00e0 la p\u00e9riode durant laquelle l\u2019utilisateur est connect\u00e9 au site ou \u00e0 l\u2019un des services qu\u2019il fournit.<\/p>\n\n\n\n<ol start=\"2\" class=\"wp-block-list\">\n<li><strong><strong>CONDITIONS D\u2019UTILISATION DU SITE WEB<\/strong><\/strong><\/li>\n<\/ol>\n\n\n\n<p>L\u2019acc\u00e8s, la navigation ou l\u2019utilisation du site conf\u00e8re automatiquement la qualit\u00e9 d\u2019utilisateur. En acc\u00e9dant au site, l\u2019utilisateur accepte pleinement et sans r\u00e9serve les pr\u00e9sentes conditions.<\/p>\n\n\n\n<p>L\u2019utilisateur s\u2019engage \u00e0 utiliser le site web, ses services et contenus de mani\u00e8re l\u00e9gale, conform\u00e9ment \u00e0 la l\u00e9gislation en vigueur, aux usages g\u00e9n\u00e9ralement accept\u00e9s, \u00e0 la bonne foi et \u00e0 l\u2019ordre public.<\/p>\n\n\n\n<p>L\u2019utilisateur s\u2019interdit de r\u00e9aliser des actions susceptibles de causer des dommages au site, de le rendre inutilisable, de le surcharger, de le d\u00e9t\u00e9riorer ou d\u2019en emp\u00eacher l\u2019acc\u00e8s, l\u2019utilisation ou la jouissance par d\u2019autres utilisateurs.<\/p>\n\n\n\n<ol start=\"3\" class=\"wp-block-list\">\n<li><strong><strong>PROPRI\u00c9T\u00c9 INTELLECTUELLE ET UTILISATION DES CONTENUS<\/strong><\/strong><\/li>\n<\/ol>\n\n\n\n<p><strong>HOSTAL SES NEGRES S.L.<\/strong> d\u00e9tient les droits de propri\u00e9t\u00e9 intellectuelle et industrielle de ce site web et de tous ses contenus (y compris, mais sans s\u2019y limiter : textes, photographies, vid\u00e9os, logiciels, graphismes, etc.), ou dispose des licences ou autorisations n\u00e9cessaires pour leur utilisation. L\u2019acc\u00e8s, la navigation et l\u2019utilisation de ce site par l\u2019utilisateur n\u2019entra\u00eenent en aucun cas la renonciation, la transmission, la licence ou la cession de ces droits, ni totalement ni partiellement.Il est interdit de reproduire, modifier, r\u00e9utiliser, exploiter, communiquer publiquement, t\u00e9l\u00e9charger, transmettre, traiter ou distribuer de quelque mani\u00e8re que ce soit tout ou partie des contenus de ce site web \u00e0 des fins publiques ou commerciales sans l\u2019autorisation \u00e9crite pr\u00e9alable de <strong>HOSTAL SES NEGRES S.L.<\/strong><\/p>\n\n\n\n<ol start=\"4\" class=\"wp-block-list\">\n<li><strong><strong>LIENS<\/strong><\/strong><\/li>\n<\/ol>\n\n\n\n<ol class=\"wp-block-list\">\n<li><strong><strong>Liens vers d\u2019autres sites web<\/strong><\/strong><\/li>\n<\/ol>\n\n\n\n<p><strong>HOSTAL SES NEGRES S.L.<\/strong> d\u00e9cline toute responsabilit\u00e9 quant aux informations pr\u00e9sentes sur des sites tiers non cr\u00e9\u00e9s par elle ou non publi\u00e9s sous son nom. Ce site peut contenir des hyperliens vers d\u2019autres sites web, enti\u00e8rement ind\u00e9pendants de ce site. <strong>HOSTAL SES NEGRES S.L.<\/strong> ne garantit pas l\u2019exactitude ou l\u2019authenticit\u00e9 des informations fournies par ces liens.<\/p>\n\n\n\n<ol start=\"2\" class=\"wp-block-list\">\n<li>Liens vers le site web de <strong>HOSTAL SES NEGRES S.L.<\/strong><\/li>\n<\/ol>\n\n\n\n<p>Tout site, utilisateur ou entit\u00e9 souhaitant cr\u00e9er un lien vers <a href=\"https:\/\/hostalsesnegres.com\/fr\/\"><strong>https:\/\/hostalsesnegres.com\/fr\/<\/strong> <\/a>doit respecter les conditions suivantes:<\/p>\n\n\n\n<p>Le lien doit pointer directement vers la page principale ou ses sections. Il doit permettre un acc\u00e8s complet et direct avec un simple clic.<\/p>\n\n\n\n<p>Sauf autorisation \u00e9crite pr\u00e9alable, aucune reproduction du site (via cadres, redirections, etc.) n\u2019est autoris\u00e9e.<\/p>\n\n\n\n<p>Aucun lien ne doit \u00eatre \u00e9tabli depuis des sites contenant des contenus ill\u00e9gaux, obsc\u00e8nes ou contraires \u00e0 l\u2019ordre public.<\/p>\n\n\n\n<ol start=\"5\" class=\"wp-block-list\">\n<li><strong><strong>EXCLUSION DE RESPONSABILIT\u00c9<\/strong><\/strong><\/li>\n<\/ol>\n\n\n\n<p>L\u2019utilisation de ce site rel\u00e8ve de la seule et enti\u00e8re responsabilit\u00e9 de l\u2019utilisateur.<\/p>\n\n\n\n<p><strong>HOSTAL SES NEGRES S.L.<\/strong> d\u00e9cline toute responsabilit\u00e9 pour:<\/p>\n\n\n\n<ol class=\"wp-block-list\">\n<li>L\u2019indisponibilit\u00e9, l\u2019entretien ou le fonctionnement du site web, ou des contenus et services qu\u2019il propose.<\/li>\n\n\n\n<li>Les erreurs ou omissions dans les informations publi\u00e9es.<\/li>\n<\/ol>\n\n\n\n<p>Les dommages caus\u00e9s par des logiciels malveillants ou autres \u00e9l\u00e9ments nuisibles pendant l\u2019utilisation du site. Il appartient \u00e0 l\u2019utilisateur d\u2019assurer la protection de son \u00e9quipement.<\/p>\n\n\n\n<ol start=\"6\" class=\"wp-block-list\">\n<li><strong><strong>L\u00c9GISLATION APPLICABLE<\/strong><\/strong><\/li>\n<\/ol>\n\n\n\n<p>Les pr\u00e9sentes mentions l\u00e9gales sont r\u00e9gies par la l\u00e9gislation espagnole et le R\u00e8glement G\u00e9n\u00e9ral sur la Protection des Donn\u00e9es (RGPD) de l\u2019Union europ\u00e9enne.<\/p>\n\n\n\n<ol start=\"7\" class=\"wp-block-list\">\n<li><strong><strong>MISE \u00c0 JOUR<\/strong><\/strong><\/li>\n<\/ol>\n\n\n\n<p>Ces conditions g\u00e9n\u00e9rales ont \u00e9t\u00e9 mises \u00e0 jour pour la derni\u00e8re fois en mars 2025.<\/p>\n<\/div><\/div>\n<\/div><\/div>\n","protected":false},"excerpt":{"rendered":"<p>Conditions G\u00e9n\u00e9rales d\u2019Utilisation du Site Web Les pr\u00e9sentes Conditions G\u00e9n\u00e9rales d\u2019Utilisation du Site Web d\u00e9finissent les conditions g\u00e9n\u00e9rales r\u00e9gissant l\u2019acc\u00e8s, la navigation et l\u2019utilisation des contenus de ce site web. Les informations contenues sur ce site web se rapportent aux services fournis par HOSTAL SES NEGRES S.L. Ces informations sont fournies \u00e0 titre purement informatif [&hellip;]<\/p>\n","protected":false},"author":1,"featured_media":0,"parent":0,"menu_order":0,"comment_status":"closed","ping_status":"closed","template":"","meta":{"footnotes":""},"class_list":["post-9818","page","type-page","status-publish","hentry"],"aioseo_notices":[],"_links":{"self":[{"href":"https:\/\/hostalsesnegres.com\/fr\/wp-json\/wp\/v2\/pages\/9818","targetHints":{"allow":["GET"]}}],"collection":[{"href":"https:\/\/hostalsesnegres.com\/fr\/wp-json\/wp\/v2\/pages"}],"about":[{"href":"https:\/\/hostalsesnegres.com\/fr\/wp-json\/wp\/v2\/types\/page"}],"author":[{"embeddable":true,"href":"https:\/\/hostalsesnegres.com\/fr\/wp-json\/wp\/v2\/users\/1"}],"replies":[{"embeddable":true,"href":"https:\/\/hostalsesnegres.com\/fr\/wp-json\/wp\/v2\/comments?post=9818"}],"version-history":[{"count":4,"href":"https:\/\/hostalsesnegres.com\/fr\/wp-json\/wp\/v2\/pages\/9818\/revisions"}],"predecessor-version":[{"id":10010,"href":"https:\/\/hostalsesnegres.com\/fr\/wp-json\/wp\/v2\/pages\/9818\/revisions\/10010"}],"wp:attachment":[{"href":"https:\/\/hostalsesnegres.com\/fr\/wp-json\/wp\/v2\/media?parent=9818"}],"curies":[{"name":"wp","href":"https:\/\/api.w.org\/{rel}","templated":true}]}}