{"id":9814,"date":"2024-03-01T09:04:56","date_gmt":"2024-03-01T09:04:56","guid":{"rendered":"https:\/\/hostalsesnegres.com\/mentions-legales\/"},"modified":"2025-03-14T10:30:47","modified_gmt":"2025-03-14T10:30:47","slug":"mentions-legales","status":"publish","type":"page","link":"https:\/\/hostalsesnegres.com\/fr\/mentions-legales\/","title":{"rendered":"Mentions l\u00e9gales"},"content":{"rendered":"\n<div class=\"wp-block-group\"><div class=\"wp-block-group__inner-container is-layout-constrained wp-block-group-is-layout-constrained\">\n<h6 class=\"wp-block-heading has-text-color has-link-color wp-elements-325bd07cfb77cc38345999406134a386\" style=\"color:#7aacac\"><strong>Mentions L\u00e9gales<\/strong><\/h6>\n\n\n\n<div class=\"wp-block-group\"><div class=\"wp-block-group__inner-container is-layout-constrained wp-block-group-is-layout-constrained\">\n<p>Responsable du traitement des donn\u00e9es: <strong>HOSTAL SES NEGRES S.L.<\/strong><\/p>\n\n\n\n<p><strong>Finalit\u00e9 du traitement:<\/strong> Gestion commerciale et administrative des services, r\u00e9servations ou informations demand\u00e9es.<\/p>\n\n\n\n<p><strong>Base l\u00e9gale du traitement<\/strong>: Consentement de la personne concern\u00e9e pour fournir ses donn\u00e9es. Relation contractuelle entre l\u2019h\u00f4tel et le client.<\/p>\n\n\n\n<p><strong>Destinataires:<\/strong> Les donn\u00e9es fournies seront int\u00e9gr\u00e9es \u00e0 notre base de donn\u00e9es et ne seront pas communiqu\u00e9es \u00e0 des tiers.<\/p>\n\n\n\n<p><strong>Droits<\/strong> : Vous avez le droit d\u2019acc\u00e9der, de rectifier et de supprimer vos donn\u00e9es, ainsi que d\u2019exercer d\u2019autres droits pr\u00e9vus par la r\u00e9glementation en vigueur.<\/p>\n\n\n\n<p>Vous pouvez exercer vos droits en suivant ce lien: <a href=\"https:\/\/www.aepd.es\/derechos-y-deberes\/ejerce-tus-derechos\"><strong>Exercez vos droits<\/strong><\/a> (lien \u00e0 ins\u00e9rer)<\/p>\n\n\n\n<p>Pour plus d\u2019informations, consultez notre <strong>Politique de confidentialit\u00e9<\/strong> et notre <strong>Politique de cookies<\/strong>.<\/p>\n\n\n\n<p>R\u00e9clamations aupr\u00e8s de l\u2019autorit\u00e9 de protection des donn\u00e9es:&nbsp; Vous pouvez adresser vos r\u00e9clamations li\u00e9es au traitement de vos donn\u00e9es personnelles \u00e0 l\u2019Agence Espagnole de Protection des Donn\u00e9es (<a href=\"http:\/\/www.agpd.es\"><strong>www.agpd.es<\/strong><\/a>).<\/p>\n\n\n\n<p><strong>Droit \u00e0 l\u2019effacement des donn\u00e9es<\/strong><\/p>\n\n\n\n<p>La personne concern\u00e9e a le droit d\u2019exiger que le Responsable efface ses donn\u00e9es si :<\/p>\n\n\n\n<ul class=\"wp-block-list\">\n<li>Le traitement est ill\u00e9gal.<\/li>\n\n\n\n<li>La personne concern\u00e9e a retir\u00e9 son consentement.<\/li>\n\n\n\n<li>Les donn\u00e9es ne sont plus n\u00e9cessaires aux fins pour lesquelles elles ont \u00e9t\u00e9 collect\u00e9es ou trait\u00e9es.<\/li>\n\n\n\n<li>La personne concern\u00e9e a exerc\u00e9 son droit d\u2019opposition, et il n\u2019existe pas de raisons l\u00e9gitimes imp\u00e9rieuses pour le traitement.<\/li>\n\n\n\n<li>Les donn\u00e9es doivent \u00eatre effac\u00e9es pour respecter une obligation l\u00e9gale du Responsable.<\/li>\n<\/ul>\n\n\n\n<p>Cas o\u00f9 le droit \u00e0 l\u2019effacement ne s\u2019applique pas :<\/p>\n\n\n\n<ul class=\"wp-block-list\">\n<li>Pour exercer le droit \u00e0 la libert\u00e9 d\u2019expression et d\u2019information.<\/li>\n\n\n\n<li>Pour respecter une obligation l\u00e9gale du Responsable.<\/li>\n\n\n\n<li>Pour la formulation, l\u2019exercice ou la d\u00e9fense de r\u00e9clamations.<\/li>\n\n\n\n<li>Pour des raisons d\u2019int\u00e9r\u00eat public, notamment en mati\u00e8re de sant\u00e9 publique, ou \u00e0 des fins de recherche historique, statistique ou scientifique.<\/li>\n<\/ul>\n\n\n\n<p><strong>Droit \u00e0 la portabilit\u00e9 des donn\u00e9es<\/strong><\/p>\n\n\n\n<p>Vous avez le droit de demander que vos donn\u00e9es soient transmises \u00e0 un autre Responsable ou \u00e0 vous-m\u00eame dans un format structur\u00e9, d\u2019usage courant et lisible par machine, si le traitement:<\/p>\n\n\n\n<p>Est automatis\u00e9.<\/p>\n\n\n\n<ul class=\"wp-block-list\">\n<li>Est bas\u00e9 sur le consentement de la personne concern\u00e9e pour des finalit\u00e9s sp\u00e9cifiques.<\/li>\n\n\n\n<li>Est n\u00e9cessaire \u00e0 l\u2019ex\u00e9cution d\u2019un contrat ou pr\u00e9contrat avec la personne concern\u00e9e.<\/li>\n<\/ul>\n\n\n\n<p>Exceptions au droit \u00e0 la portabilit\u00e9 :<\/p>\n\n\n\n<ul class=\"wp-block-list\">\n<li>Transmission techniquement impossible.<\/li>\n\n\n\n<li>Atteinte possible aux droits et libert\u00e9s de tiers.<\/li>\n\n\n\n<li>Traitement pour une mission d\u2019int\u00e9r\u00eat public pr\u00e9vue par la loi.<\/li>\n<\/ul>\n\n\n\n<p><strong>Droit \u00e0 la limitation du traitement<\/strong><\/p>\n\n\n\n<p>Vous pouvez demander la limitation du traitement dans les cas suivants :<\/p>\n\n\n\n<ul class=\"wp-block-list\">\n<li>En cas de marketing direct.<\/li>\n\n\n\n<li>Pour l\u2019\u00e9laboration de profils.<\/li>\n\n\n\n<li>Si le traitement repose sur un int\u00e9r\u00eat l\u00e9gitime du Responsable ou de tiers, sauf si les int\u00e9r\u00eats ou droits de la personne concern\u00e9e pr\u00e9valent.<\/li>\n\n\n\n<li>\u00c0 des fins de recherche historique, statistique ou scientifique, sauf si le traitement est n\u00e9cessaire pour des raisons d\u2019int\u00e9r\u00eat public.<\/li>\n<\/ul>\n\n\n\n<p>Cas de poursuite du traitement malgr\u00e9 l\u2019opposition:<\/p>\n\n\n\n<p>Le Responsable peut continuer \u00e0 traiter les donn\u00e9es si son int\u00e9r\u00eat l\u00e9gitime pr\u00e9vaut ou si une proc\u00e9dure judiciaire le justifie.<\/p>\n\n\n\n<p>Le Responsable doit informer explicitement la personne concern\u00e9e de son droit d\u2019opposition, de mani\u00e8re claire et distincte, d\u00e8s le premier contact.<\/p>\n\n\n\n<p><strong>Droit d\u2019opposition<\/strong><\/p>\n\n\n\n<p>La personne concern\u00e9e peut s\u2019opposer au traitement de ses donn\u00e9es lorsqu\u2019il n\u2019est pas n\u00e9cessaire d\u2019obtenir son consentement pour des motifs l\u00e9gitimes li\u00e9s \u00e0 sa situation particuli\u00e8re, sauf disposition contraire de la loi.<\/p>\n\n\n\n<p><strong>Droit \u00e0 ne pas faire l\u2019objet de d\u00e9cisions fond\u00e9es sur des profils<\/strong><\/p>\n\n\n\n<p>Vous avez le droit de ne pas \u00eatre soumis \u00e0 des d\u00e9cisions bas\u00e9es uniquement sur un traitement automatis\u00e9 de vos donn\u00e9es visant \u00e0 \u00e9valuer ou pr\u00e9dire:<\/p>\n\n\n\n<ul class=\"wp-block-list\">\n<li>Votre performance professionnelle.<\/li>\n\n\n\n<li>Votre situation \u00e9conomique.<\/li>\n\n\n\n<li>Vos pr\u00e9f\u00e9rences ou int\u00e9r\u00eats personnels.<\/li>\n\n\n\n<li>Votre localisation ou vos d\u00e9placements.<\/li>\n<\/ul>\n\n\n\n<p>Si une d\u00e9cision fond\u00e9e sur des profils est prise :<\/p>\n\n\n\n<ul class=\"wp-block-list\">\n<li>Vous avez le droit d\u2019\u00eatre inform\u00e9 si cela peut produire des effets juridiques ou vous affecter significativement.<\/li>\n\n\n\n<li>Vous avez le droit de demander une intervention humaine, d\u2019exprimer votre point de vue et de contester la d\u00e9cision.<\/li>\n<\/ul>\n\n\n\n<p>Exceptions:<\/p>\n\n\n\n<p>Ces droits ne s\u2019appliquent pas si la d\u00e9cision est autoris\u00e9e par :<\/p>\n\n\n\n<ul class=\"wp-block-list\">\n<li>Le consentement explicite de la personne concern\u00e9e.<\/li>\n\n\n\n<li>Un contrat entre la personne concern\u00e9e et le Responsable.<\/li>\n\n\n\n<li>Une disposition l\u00e9gale en vigueur.<\/li>\n<\/ul>\n<\/div><\/div>\n<\/div><\/div>\n","protected":false},"excerpt":{"rendered":"<p>Mentions L\u00e9gales Responsable du traitement des donn\u00e9es: HOSTAL SES NEGRES S.L. Finalit\u00e9 du traitement: Gestion commerciale et administrative des services, r\u00e9servations ou informations demand\u00e9es. Base l\u00e9gale du traitement: Consentement de la personne concern\u00e9e pour fournir ses donn\u00e9es. Relation contractuelle entre l\u2019h\u00f4tel et le client. Destinataires: Les donn\u00e9es fournies seront int\u00e9gr\u00e9es \u00e0 notre base de donn\u00e9es [&hellip;]<\/p>\n","protected":false},"author":1,"featured_media":0,"parent":0,"menu_order":0,"comment_status":"closed","ping_status":"closed","template":"","meta":{"footnotes":""},"class_list":["post-9814","page","type-page","status-publish","hentry"],"aioseo_notices":[],"_links":{"self":[{"href":"https:\/\/hostalsesnegres.com\/fr\/wp-json\/wp\/v2\/pages\/9814","targetHints":{"allow":["GET"]}}],"collection":[{"href":"https:\/\/hostalsesnegres.com\/fr\/wp-json\/wp\/v2\/pages"}],"about":[{"href":"https:\/\/hostalsesnegres.com\/fr\/wp-json\/wp\/v2\/types\/page"}],"author":[{"embeddable":true,"href":"https:\/\/hostalsesnegres.com\/fr\/wp-json\/wp\/v2\/users\/1"}],"replies":[{"embeddable":true,"href":"https:\/\/hostalsesnegres.com\/fr\/wp-json\/wp\/v2\/comments?post=9814"}],"version-history":[{"count":5,"href":"https:\/\/hostalsesnegres.com\/fr\/wp-json\/wp\/v2\/pages\/9814\/revisions"}],"predecessor-version":[{"id":9899,"href":"https:\/\/hostalsesnegres.com\/fr\/wp-json\/wp\/v2\/pages\/9814\/revisions\/9899"}],"wp:attachment":[{"href":"https:\/\/hostalsesnegres.com\/fr\/wp-json\/wp\/v2\/media?parent=9814"}],"curies":[{"name":"wp","href":"https:\/\/api.w.org\/{rel}","templated":true}]}}