{"id":9810,"date":"2025-02-25T15:56:34","date_gmt":"2025-02-25T15:56:34","guid":{"rendered":"https:\/\/hostalsesnegres.com\/accessibilite\/"},"modified":"2025-04-02T10:23:42","modified_gmt":"2025-04-02T10:23:42","slug":"accessibilite","status":"publish","type":"page","link":"https:\/\/hostalsesnegres.com\/fr\/accessibilite\/","title":{"rendered":"Accessibilit\u00e9"},"content":{"rendered":"\n<div class=\"wp-block-group\"><div class=\"wp-block-group__inner-container is-layout-constrained wp-block-group-is-layout-constrained\">\n<h6 class=\"wp-block-heading has-text-color has-link-color wp-elements-eedd7f405e316aefbb2c53321b9d892c\" style=\"color:#7aacac\"><strong><strong>D\u00c9CLARATION D\u2019ACCESSIBILIT\u00c9<\/strong><\/strong><\/h6>\n\n\n\n<p>La pr\u00e9sente d\u00e9claration d\u2019accessibilit\u00e9 s\u2019applique au site web <strong><a href=\"https:\/\/hostalsesnegres.com\/fr\/\">https:\/\/hostalsesnegres.com\/fr\/<\/a><\/strong>.<\/p>\n\n\n\n<p><strong>SITUATION DE CONFORMIT\u00c9<\/strong><\/p>\n\n\n\n<p>Ce site web est partiellement conforme au <a href=\"https:\/\/www.boe.es\/diario_boe\/txt.php?lang=fr&amp;id=BOE-A-2018-12699\"><strong>RD 1112\/2018<\/strong><\/a> en raison des exceptions et des non-conformit\u00e9s mentionn\u00e9es dans les points suivants.<\/p>\n\n\n\n<p><strong>CONTENU NON ACCESSIBLE<\/strong><\/p>\n\n\n\n<p>Le contenu mentionn\u00e9 ci-dessous n\u2019est pas accessible pour les raisons suivantes:<\/p>\n\n\n\n<p>Non-conformit\u00e9 avec le <a href=\"https:\/\/www.boe.es\/diario_boe\/txt.php?lang=fr&amp;id=BOE-A-2018-12699\"><strong>RD 1112\/2018<\/strong><\/a><\/p>\n\n\n\n<ul class=\"wp-block-list\">\n<li>Certains contrastes pourraient ne pas atteindre le minimum requis de 3:1 entre les couleurs adjacentes du fond de la section concern\u00e9e. [9.1.4.11 Contraste non textuel]<\/li>\n\n\n\n<li>Certaines \u00e9tiquettes ou instructions pourraient ne pas \u00eatre correctement d\u00e9finies. [9.3.3.2 \u00c9tiquettes ou instructions]<\/li>\n\n\n\n<li>Certains messages d\u2019\u00e9tat pourraient ne pas respecter les exigences minimales. [9.4.1.3 Messages d\u2019\u00e9tat]<\/li>\n\n\n\n<li>Des suggestions en cas d\u2019erreur pourraient ne pas satisfaire les exigences minimales. [9.3.3.3 Suggestions en cas d\u2019erreur (conditionnel)]<\/li>\n\n\n\n<li>Des erreurs ponctuelles dans la navigation s\u00e9quentielle de la page pourraient alt\u00e9rer son sens ou son fonctionnement. [9.2.4.3 Ordre de la mise au point]<\/li>\n\n\n\n<li>Il n\u2019est pas possible d\u2019emp\u00eacher les utilisateurs utilisant des commandes vocales d\u2019activer par erreur des \u00e9l\u00e9ments interactifs. [9.2.1.4 Raccourcis clavier utilisant des caract\u00e8res]<\/li>\n\n\n\n<li>Certaines erreurs ponctuelles d\u2019\u00e9dition pourraient \u00eatre pr\u00e9sentes sur certaines pages.<\/li>\n<\/ul>\n\n\n\n<p>Charge disproportionn\u00e9e. Non applicable.<\/p>\n\n\n\n<p><strong>PR\u00c9PARATION DE LA PR\u00c9SENTE D\u00c9CLARATION D\u2019ACCESSIBILIT\u00c9<\/strong><\/p>\n\n\n\n<p>La pr\u00e9sente d\u00e9claration a \u00e9t\u00e9 pr\u00e9par\u00e9e le mars 2025.<\/p>\n\n\n\n<p>La m\u00e9thode utilis\u00e9e pour la pr\u00e9parer est une auto-\u00e9valuation effectu\u00e9e par l\u2019entreprise.<\/p>\n\n\n\n<p><strong>OBSERVATIONS ET INFORMATIONS DE CONTACT<\/strong><\/p>\n\n\n\n<p>Vous pouvez communiquer vos observations sur les exigences d\u2019accessibilit\u00e9 (article 10.2.a du <a href=\"https:\/\/www.boe.es\/diario_boe\/txt.php?lang=fr&amp;id=BOE-A-2018-12699\"><strong>RD 1112\/2018<\/strong><\/a>), notamment :<\/p>\n\n\n\n<ul class=\"wp-block-list\">\n<li>Signaler tout \u00e9ventuel non-respect de ce site web.<\/li>\n\n\n\n<li>Transmettre toute autre difficult\u00e9 d\u2019acc\u00e8s au contenu.<\/li>\n\n\n\n<li>Formuler toute autre demande ou suggestion d\u2019am\u00e9lioration concernant l\u2019accessibilit\u00e9 du site web.<\/li>\n<\/ul>\n\n\n\n<p>Contact par e-mail: <strong><a href=\"mailto:info@hostalsesnegres.com\">info@hostalsesnegres.com<\/a><\/strong><\/p>\n\n\n\n<p>Vous pouvez soumettre:<\/p>\n\n\n\n<p>Une plainte relative au respect des exigences du <a href=\"https:\/\/www.boe.es\/diario_boe\/txt.php?lang=fr&amp;id=BOE-A-2018-12699\"><strong>RD 1112\/2018<\/strong><\/a>, ou Une demande d\u2019informations accessibles concernant:<\/p>\n\n\n\n<ul class=\"wp-block-list\">\n<li>Des contenus exclus du champ d\u2019application du <a href=\"https:\/\/www.boe.es\/diario_boe\/txt.php?lang=fr&amp;id=BOE-A-2018-12699\"><strong>RD 1112\/2018<\/strong><\/a> (article 3, paragraphe 4).<\/li>\n\n\n\n<li>Des contenus exempt\u00e9s des exigences d\u2019accessibilit\u00e9 pour cause de charge disproportionn\u00e9e.<\/li>\n<\/ul>\n\n\n\n<p>Dans toute demande d\u2019informations accessibles, les faits, raisons et demandes doivent \u00eatre clairement pr\u00e9cis\u00e9s pour permettre de v\u00e9rifier qu\u2019il s\u2019agit d\u2019une requ\u00eate raisonnable et l\u00e9gitime.<\/p>\n\n\n\n<p>Les plaintes et r\u00e9clamations concernant les informations accessibles doivent \u00eatre adress\u00e9es \u00e0 l\u2019email mentionn\u00e9 ci-dessus.<\/p>\n\n\n\n<p><strong>PROC\u00c9DURE D\u2019APPLICATION<\/strong><\/p>\n\n\n\n<p>Si une demande d\u2019information accessible ou une plainte a \u00e9t\u00e9 rejet\u00e9e, si vous n\u2019\u00eates pas d\u2019accord avec la d\u00e9cision prise ou si la r\u00e9ponse ne satisfait pas aux exigences de l\u2019article 12.5, vous pouvez d\u00e9poser une r\u00e9clamation. Une r\u00e9clamation peut \u00e9galement \u00eatre introduite si un d\u00e9lai de vingt jours ouvrables s\u2019est \u00e9coul\u00e9 sans r\u00e9ponse.<\/p>\n<\/div><\/div>\n","protected":false},"excerpt":{"rendered":"<p>D\u00c9CLARATION D\u2019ACCESSIBILIT\u00c9 La pr\u00e9sente d\u00e9claration d\u2019accessibilit\u00e9 s\u2019applique au site web https:\/\/hostalsesnegres.com\/fr\/. SITUATION DE CONFORMIT\u00c9 Ce site web est partiellement conforme au RD 1112\/2018 en raison des exceptions et des non-conformit\u00e9s mentionn\u00e9es dans les points suivants. CONTENU NON ACCESSIBLE Le contenu mentionn\u00e9 ci-dessous n\u2019est pas accessible pour les raisons suivantes: Non-conformit\u00e9 avec le RD 1112\/2018 Charge [&hellip;]<\/p>\n","protected":false},"author":1,"featured_media":0,"parent":0,"menu_order":0,"comment_status":"closed","ping_status":"closed","template":"","meta":{"footnotes":""},"class_list":["post-9810","page","type-page","status-publish","hentry"],"aioseo_notices":[],"_links":{"self":[{"href":"https:\/\/hostalsesnegres.com\/fr\/wp-json\/wp\/v2\/pages\/9810","targetHints":{"allow":["GET"]}}],"collection":[{"href":"https:\/\/hostalsesnegres.com\/fr\/wp-json\/wp\/v2\/pages"}],"about":[{"href":"https:\/\/hostalsesnegres.com\/fr\/wp-json\/wp\/v2\/types\/page"}],"author":[{"embeddable":true,"href":"https:\/\/hostalsesnegres.com\/fr\/wp-json\/wp\/v2\/users\/1"}],"replies":[{"embeddable":true,"href":"https:\/\/hostalsesnegres.com\/fr\/wp-json\/wp\/v2\/comments?post=9810"}],"version-history":[{"count":4,"href":"https:\/\/hostalsesnegres.com\/fr\/wp-json\/wp\/v2\/pages\/9810\/revisions"}],"predecessor-version":[{"id":10007,"href":"https:\/\/hostalsesnegres.com\/fr\/wp-json\/wp\/v2\/pages\/9810\/revisions\/10007"}],"wp:attachment":[{"href":"https:\/\/hostalsesnegres.com\/fr\/wp-json\/wp\/v2\/media?parent=9810"}],"curies":[{"name":"wp","href":"https:\/\/api.w.org\/{rel}","templated":true}]}}