{"id":9808,"date":"2024-03-01T09:04:57","date_gmt":"2024-03-01T09:04:57","guid":{"rendered":"https:\/\/hostalsesnegres.com\/politica-de-privacidad\/"},"modified":"2025-03-14T10:18:25","modified_gmt":"2025-03-14T10:18:25","slug":"politica-de-privacidad","status":"publish","type":"page","link":"https:\/\/hostalsesnegres.com\/es\/politica-de-privacidad\/","title":{"rendered":"Pol\u00edtica de privacidad"},"content":{"rendered":"\n<div class=\"wp-block-group\"><div class=\"wp-block-group__inner-container is-layout-constrained wp-block-group-is-layout-constrained\">\n<h6 class=\"wp-block-heading has-text-color has-link-color wp-elements-4a90d791f8b0bcb11b4a83430b97278b\" style=\"color:#7aacac\">Pol\u00edtica de privacidad y protecci\u00f3n de datos:<\/h6>\n\n\n\n<div class=\"wp-block-group\"><div class=\"wp-block-group__inner-container is-layout-constrained wp-block-group-is-layout-constrained\">\n<p><strong>\u00bfQUI\u00c9N ES EL RESPONSABLE DEL TRATAMIENTO DE TUS DATOS?<\/strong><br><\/p>\n\n\n\n<p>El responsable de los datos y titular de la p\u00e1gina web <a href=\"https:\/\/hostalsesnegres.com\/es\/\"><strong>https:\/\/hostalsesnegres.com\/es\/<\/strong><\/a> es <strong>HOSTAL SES NEGRES S.L.<\/strong>, con domicilio ubicado en <strong>Carrer del Mar 8, 17255 Sa Riera, Girona<\/strong> y CIF: <strong>B-55326821<\/strong>.<\/p>\n\n\n\n<ul class=\"wp-block-list\">\n<li>Tel\u00e9fono: (+34) <strong>872 202 121<\/strong><\/li>\n\n\n\n<li>e-mail: <strong>info@hostalsesnegres.com<\/strong><\/li>\n<\/ul>\n\n\n\n<p><strong>\u00bfCON QU\u00c9 FINALIDAD TRATAMOS TUS DATOS PERSONALES?<\/strong><strong><br><\/strong><\/p>\n\n\n\n<p>En <strong>HOSTAL SES NEGRES S.L<\/strong><strong>.<\/strong> tratamos la informaci\u00f3n que nos facilitas con el fin de gestionar el env\u00edo de la informaci\u00f3n que nos solicitas o facilitarte ofertas de servicios de tu inter\u00e9s en caso de que as\u00ed nos los solicites al incluir tus datos y correo electr\u00f3nico en el espacio habilitado en el formulario. Igualmente podremos utilizar tus datos para:<\/p>\n\n\n\n<ul class=\"wp-block-list\">\n<li>Comunicaci\u00f3n de ofertas, descuentos y todo tipo de informaci\u00f3n promocional que pudiera serle de inter\u00e9s a nuestros usuarios.<\/li>\n\n\n\n<li>Selecci\u00f3n de nuevo personal.<\/li>\n\n\n\n<li>Gesti\u00f3n y confirmaci\u00f3n de reservas.<\/li>\n\n\n\n<li>Mejora de nuestros servicios mediante el estudio del comportamiento de los usuarios. Prevenir abusos y fraudes en el uso de nuestros servicios (por ejemplo, actividades fraudulentas, ataques de denegaci\u00f3n de servicios, env\u00edo de spam, entre otros).<\/li>\n\n\n\n<li>Cesi\u00f3n de datos a organismos y autoridades p\u00fablicas, siempre que sean requeridos de conformidad con las disposiciones legales y reglamentarias.<\/li>\n<\/ul>\n\n\n\n<p><strong>\u00bfCU\u00c1NTO TIEMPO CONSERVAMOS TUS DATOS?<\/strong><\/p>\n\n\n\n<p><strong><br><\/strong>Los datos personales que nos proporciones se conservar\u00e1n mientras se mantenga la relaci\u00f3n profesional o mercantil y no nos solicites su supresi\u00f3n. En todo caso, se conservar\u00e1n durante un plazo de 5 a\u00f1os a partir del \u00faltimo contacto.<\/p>\n\n\n\n<p><strong>\u00bfCUAL ES LA LEGITIMACI\u00d3N PARA EL TRATAMIENTO DE TUS DATOS?<\/strong><strong><br><\/strong><\/p>\n\n\n\n<p>La base legal para el tratamiento de tus datos es la de dar respuesta a tu petici\u00f3n de informaci\u00f3n, de compra de los productos solicitados, o la de ejecuci\u00f3n de los servicios contratados.<\/p>\n\n\n\n<p><strong>\u00bfA QU\u00c9 DESTINATARIOS SE COMUNICAR\u00c1N TUS DATOS?<\/strong><\/p>\n\n\n\n<p><strong><br><\/strong>Tus datos se incorporar\u00e1n a la base de datos perteneciente a <strong>HOSTAL SES NEGRES S.L.<\/strong> y no ser\u00e1n cedidos a terceros, salvo obligaci\u00f3n legal o requerimiento de las fuerzas y cuerpos de seguridad del Estado, en caso de las im\u00e1genes captadas por las c\u00e1maras de videovigilancia.<\/p>\n\n\n\n<p><strong>\u00bfCUALES SON TUS DERECHOS CUANDO NOS FACILITAS TUS DATOS?<\/strong><\/p>\n\n\n\n<p>Cualquier persona tiene derecho a obtener confirmaci\u00f3n sobre si en <strong>HOSTAL SES NEGRES S.L.<\/strong> estamos tratando datos personales que les conciernen, o no. Los interesados \u200b\u200btienen derecho a acceder a sus datos personales, as\u00ed como a solicitar la rectificaci\u00f3n de los datos inexactos o, en su caso, solicitar su supresi\u00f3n cuando, entre otros motivos, los datos ya no sean necesarios para los fines que fueron recogidos. En determinadas circunstancias, los interesados \u200b\u200bpodr\u00e1n solicitar la limitaci\u00f3n del tratamiento de sus datos, en este caso \u00fanicamente los conservaremos para el ejercicio o la defensa de reclamaciones. En determinadas circunstancias y por motivos relacionados con su situaci\u00f3n particular, los interesados \u200b\u200bpodr\u00e1n oponerse al tratamiento de sus datos. <strong>HOSTAL SES NEGRES S.L.<\/strong> dejar\u00e1 de tratar los datos, salvo que sea necesario por motivos leg\u00edtimos, imperiosos, o el ejercicio o la defensa de posibles reclamaciones.<\/p>\n\n\n\n<p>Para m\u00e1s informaci\u00f3n dir\u00edjase al apartado <a href=\"https:\/\/www.aepd.es\/derechos-y-deberes\/ejerce-tus-derechos\"><strong>Ejerce tus Derechos<\/strong><\/a> de esta misma web y para ejercitar sus derechos env\u00ede un e-mail a la direcci\u00f3n: <strong>info@hostalsesnegres.com<\/strong><\/p>\n\n\n\n<p><strong>LEGISLACI\u00d3N<\/strong><br><\/p>\n\n\n\n<p>La presente pol\u00edtica de privacidad se rige en todos y cada uno de sus extremos por el Reglamento General de Protecci\u00f3n de datos de la Uni\u00f3n Europea y dem\u00e1s normativa relacionada.<\/p>\n\n\n\n<p><strong>ACTUALIZACI\u00d3N<\/strong><strong><br><\/strong><\/p>\n\n\n\n<p>Esta pol\u00edtica de privacidad se ha revisado por \u00faltima vez en marzo de 2025.<\/p>\n<\/div><\/div>\n<\/div><\/div>\n","protected":false},"excerpt":{"rendered":"<p>Pol\u00edtica de privacidad y protecci\u00f3n de datos: \u00bfQUI\u00c9N ES EL RESPONSABLE DEL TRATAMIENTO DE TUS DATOS? El responsable de los datos y titular de la p\u00e1gina web https:\/\/hostalsesnegres.com\/es\/ es HOSTAL SES NEGRES S.L., con domicilio ubicado en Carrer del Mar 8, 17255 Sa Riera, Girona y CIF: B-55326821. \u00bfCON QU\u00c9 FINALIDAD TRATAMOS TUS DATOS PERSONALES? [&hellip;]<\/p>\n","protected":false},"author":1,"featured_media":0,"parent":0,"menu_order":0,"comment_status":"closed","ping_status":"closed","template":"","meta":{"footnotes":""},"class_list":["post-9808","page","type-page","status-publish","hentry"],"aioseo_notices":[],"_links":{"self":[{"href":"https:\/\/hostalsesnegres.com\/es\/wp-json\/wp\/v2\/pages\/9808","targetHints":{"allow":["GET"]}}],"collection":[{"href":"https:\/\/hostalsesnegres.com\/es\/wp-json\/wp\/v2\/pages"}],"about":[{"href":"https:\/\/hostalsesnegres.com\/es\/wp-json\/wp\/v2\/types\/page"}],"author":[{"embeddable":true,"href":"https:\/\/hostalsesnegres.com\/es\/wp-json\/wp\/v2\/users\/1"}],"replies":[{"embeddable":true,"href":"https:\/\/hostalsesnegres.com\/es\/wp-json\/wp\/v2\/comments?post=9808"}],"version-history":[{"count":5,"href":"https:\/\/hostalsesnegres.com\/es\/wp-json\/wp\/v2\/pages\/9808\/revisions"}],"predecessor-version":[{"id":9881,"href":"https:\/\/hostalsesnegres.com\/es\/wp-json\/wp\/v2\/pages\/9808\/revisions\/9881"}],"wp:attachment":[{"href":"https:\/\/hostalsesnegres.com\/es\/wp-json\/wp\/v2\/media?parent=9808"}],"curies":[{"name":"wp","href":"https:\/\/api.w.org\/{rel}","templated":true}]}}