{"id":9804,"date":"2024-03-01T09:04:57","date_gmt":"2024-03-01T09:04:57","guid":{"rendered":"https:\/\/hostalsesnegres.com\/deposito-y-cancelacion\/"},"modified":"2025-03-14T10:54:41","modified_gmt":"2025-03-14T10:54:41","slug":"deposito-y-cancelacion","status":"publish","type":"page","link":"https:\/\/hostalsesnegres.com\/es\/deposito-y-cancelacion\/","title":{"rendered":"Dep\u00f3sito y cancelaci\u00f3n"},"content":{"rendered":"\n<div class=\"wp-block-group\"><div class=\"wp-block-group__inner-container is-layout-constrained wp-block-group-is-layout-constrained\">\n<h6 class=\"wp-block-heading has-text-color has-link-color wp-elements-aa8eef9c41d8ac2a7dc6ffdc7263d7a0\" style=\"color:#7aacac\"><strong>Pol\u00edtica General de Cancel\u00b7laci\u00f3 i Dip\u00f2sits<\/strong><\/h6>\n\n\n\n<p>Tarifes Flexibles: les reserves realitzades amb antelaci\u00f3 podran ser cancel\u00b7lades (o modificades) sense penalitzaci\u00f3 fins a 15 dies abans de la data d\u2019arribada.<br\/><br\/>En cas de cancel\u00b7lar o modificar entre 14 i 8 dies previs a la data d\u2019arribada, es carregar\u00e0 el 30% del total de la reserva com a penalitzaci\u00f3.<br\/><br\/>En cas de cancel\u00b7lar o modificar entre els 7 dies i 48 hores previs a la data d\u2019arribada, es realitzar\u00e0 el cobrament del 75% del total de l\u2019estada.<br\/><br\/>En cas de cancel\u00b7lar dins de les 48 hores pr\u00e8vies a l\u2019arribada o la no presentaci\u00f3 el mateix dia d\u2019entrada al lloc d\u2019allotjament, es carregar\u00e0 el 100% del total de la reserva com a penalitzaci\u00f3.<\/p>\n<\/div><\/div>\n","protected":false},"excerpt":{"rendered":"<p>Pol\u00edtica General de Cancel\u00b7laci\u00f3 i Dip\u00f2sits Tarifes Flexibles: les reserves realitzades amb antelaci\u00f3 podran ser cancel\u00b7lades (o modificades) sense penalitzaci\u00f3 fins a 15 dies abans de la data d\u2019arribada. En cas de cancel\u00b7lar o modificar entre 14 i 8 dies previs a la data d\u2019arribada, es carregar\u00e0 el 30% del total de la reserva com [&hellip;]<\/p>\n","protected":false},"author":1,"featured_media":0,"parent":0,"menu_order":0,"comment_status":"closed","ping_status":"closed","template":"","meta":{"footnotes":""},"class_list":["post-9804","page","type-page","status-publish","hentry"],"aioseo_notices":[],"_links":{"self":[{"href":"https:\/\/hostalsesnegres.com\/es\/wp-json\/wp\/v2\/pages\/9804","targetHints":{"allow":["GET"]}}],"collection":[{"href":"https:\/\/hostalsesnegres.com\/es\/wp-json\/wp\/v2\/pages"}],"about":[{"href":"https:\/\/hostalsesnegres.com\/es\/wp-json\/wp\/v2\/types\/page"}],"author":[{"embeddable":true,"href":"https:\/\/hostalsesnegres.com\/es\/wp-json\/wp\/v2\/users\/1"}],"replies":[{"embeddable":true,"href":"https:\/\/hostalsesnegres.com\/es\/wp-json\/wp\/v2\/comments?post=9804"}],"version-history":[{"count":5,"href":"https:\/\/hostalsesnegres.com\/es\/wp-json\/wp\/v2\/pages\/9804\/revisions"}],"predecessor-version":[{"id":9923,"href":"https:\/\/hostalsesnegres.com\/es\/wp-json\/wp\/v2\/pages\/9804\/revisions\/9923"}],"wp:attachment":[{"href":"https:\/\/hostalsesnegres.com\/es\/wp-json\/wp\/v2\/media?parent=9804"}],"curies":[{"name":"wp","href":"https:\/\/api.w.org\/{rel}","templated":true}]}}